{"id":566,"date":"2020-10-11T00:01:18","date_gmt":"2020-10-11T03:01:18","guid":{"rendered":"http:\/\/www.bombinhasaluguel.com.br\/site\/?page_id=566"},"modified":"2025-01-21T14:01:00","modified_gmt":"2025-01-21T17:01:00","slug":"suite-terreo","status":"publish","type":"page","link":"https:\/\/www.bombinhasaluguel.com.br\/site\/?page_id=566","title":{"rendered":"Su\u00edte T\u00e9rreo"},"content":{"rendered":"<table cellspacing=\"0\" cellpadding=\"0\">\n<tbody>\n<tr valign=\"top\">\n<td nowrap=\"nowrap\"><strong>Endere\u00e7o:<\/strong> Pescada Branca , 130 (rua da Igreja)<\/td>\n<\/tr>\n<tr valign=\"top\">\n<td>Detalhes das depend\u00eancias:\n\t\t<div class='et-custom-list etlist-check'>\n\t\t\t<ul>\n<li>180 metros da praia<\/li>\n<li>Ar-condicionado<\/li>\n<li>Forno micro-ondas e geladeira<\/li>\n<li>Camas BOX com colch\u00f5es de mola<\/li>\n<li>Wi-fi<\/li>\n<li>Utens\u00edlios de cozinha el\u00e9tricos (liquidificador, cafeteira, chaleira el\u00e9trica e sandu\u00edcheira)<\/li>\n\t\t<\/div> <!-- .et-custom-list -->\n<\/ul>\n<table cellspacing=\"0\" cellpadding=\"0\">\n<tbody>\n<tr>\n<td><strong>Telefone:<\/strong><br \/>\n<strong> (47) 3369-2174<\/strong><\/td>\n<td>&nbsp;<\/td>\n<td>ou<\/td>\n<td>&nbsp;<\/td>\n<td><strong> Celular:<br \/>\n(47) 99905-3835 <\/strong><\/td>\n<\/tr>\n<\/tbody>\n<\/table>\n<\/td>\n<\/tr>\n<\/tbody>\n<\/table>\nngg_shortcode_0_placeholder\n<p><a title=\"Mensagem WhatsApp para Dona Belinha\" href=\"https:\/\/api.whatsapp.com\/send\/?phone=5547999053835&#038;text=Ola%2C+gratos+pela+visita.+Por+favor+informe+sua+necessidade.&#038;type=phone_number&#038;app_absent=0\">Mensagem WhatsApp para Dona Belinha<\/a><\/p>\n<hr>\n<h3>Mais de 35 anos atuando com muita dedica\u00e7\u00e3o e respeito aos seus amigos e h\u00f3spedes<\/h3>\n<hr>\n","protected":false},"excerpt":{"rendered":"<p>Endere\u00e7o: Pescada Branca , 130 (rua da Igreja) Detalhes das depend\u00eancias: Telefone: (47) 3369-2174 &nbsp; ou &nbsp; Celular: (47) 99905-3835 Mensagem WhatsApp para Dona Belinha Mais de 35 anos atuando com muita dedica\u00e7\u00e3o e respeito aos seus amigos e h\u00f3spedes<\/p>\n","protected":false},"author":1,"featured_media":572,"parent":116,"menu_order":0,"comment_status":"closed","ping_status":"closed","template":"","meta":{"_mi_skip_tracking":false,"_exactmetrics_sitenote_active":false,"_exactmetrics_sitenote_note":"","_exactmetrics_sitenote_category":0,"ngg_post_thumbnail":0,"_joinchat":[],"footnotes":""},"class_list":["post-566","page","type-page","status-publish","has-post-thumbnail","hentry"],"_links":{"self":[{"href":"https:\/\/www.bombinhasaluguel.com.br\/site\/index.php?rest_route=\/wp\/v2\/pages\/566","targetHints":{"allow":["GET"]}}],"collection":[{"href":"https:\/\/www.bombinhasaluguel.com.br\/site\/index.php?rest_route=\/wp\/v2\/pages"}],"about":[{"href":"https:\/\/www.bombinhasaluguel.com.br\/site\/index.php?rest_route=\/wp\/v2\/types\/page"}],"author":[{"embeddable":true,"href":"https:\/\/www.bombinhasaluguel.com.br\/site\/index.php?rest_route=\/wp\/v2\/users\/1"}],"replies":[{"embeddable":true,"href":"https:\/\/www.bombinhasaluguel.com.br\/site\/index.php?rest_route=%2Fwp%2Fv2%2Fcomments&post=566"}],"version-history":[{"count":8,"href":"https:\/\/www.bombinhasaluguel.com.br\/site\/index.php?rest_route=\/wp\/v2\/pages\/566\/revisions"}],"predecessor-version":[{"id":681,"href":"https:\/\/www.bombinhasaluguel.com.br\/site\/index.php?rest_route=\/wp\/v2\/pages\/566\/revisions\/681"}],"up":[{"embeddable":true,"href":"https:\/\/www.bombinhasaluguel.com.br\/site\/index.php?rest_route=\/wp\/v2\/pages\/116"}],"wp:featuredmedia":[{"embeddable":true,"href":"https:\/\/www.bombinhasaluguel.com.br\/site\/index.php?rest_route=\/wp\/v2\/media\/572"}],"wp:attachment":[{"href":"https:\/\/www.bombinhasaluguel.com.br\/site\/index.php?rest_route=%2Fwp%2Fv2%2Fmedia&parent=566"}],"curies":[{"name":"wp","href":"https:\/\/api.w.org\/{rel}","templated":true}]}}