{"id":563,"date":"2020-10-11T00:00:24","date_gmt":"2020-10-11T03:00:24","guid":{"rendered":"http:\/\/www.bombinhasaluguel.com.br\/site\/?page_id=563"},"modified":"2025-01-21T13:57:11","modified_gmt":"2025-01-21T16:57:11","slug":"apartamento-pequeno","status":"publish","type":"page","link":"https:\/\/www.bombinhasaluguel.com.br\/site\/?page_id=563","title":{"rendered":"Apartamento Pequeno"},"content":{"rendered":"<table cellspacing=\"0\" cellpadding=\"0\">\n<tbody>\n<tr>\n<td><strong>Endere\u00e7o:<\/strong> Pescada Branca, 130 (rua da Igreja)<\/td>\n<\/tr>\n<tr>\n<td>Detalhes das depend\u00eancias:\n\t\t<div class='et-custom-list etlist-check'>\n\t\t\t<ul>\n<li>180 metros da praia<\/li>\n<li>2 quartos de casal<\/li>\n<li>Wi-fi<\/li>\n<li>Forno microondas<\/li>\n<li>N\u00e3o possuem churrasqueira nem sacadas<\/li>\n<li>H\u00e1 1 ar-condicionado para climatizar todo o ambiente<\/li>\n<li>Para chegar nesses apartamentos s\u00e3o 3 lances de escadas e o \u00faltimo \u00e9 irregular\u00a0(mais\u00a0\u00edngreme)<\/li>\n<li>Aceitamos pets de pequeno porte. \u00c9 de responsabilidade do propriet\u00e1rio do animal qualquer dano feito\u00a0no\u00a0im\u00f3vel.\n\t\t<\/div> <!-- .et-custom-list --><\/li>\n<\/ul>\n<p>  <\/p>\n<table cellspacing=\"0\" cellpadding=\"0\">\n<tbody>\n<tr>\n<td><strong>Telefone:<\/strong><br \/>\n<strong> (47) 3369-2174<\/strong><\/td>\n<td>&nbsp;<\/td>\n<td>ou<\/td>\n<td>&nbsp;<\/td>\n<td><strong> WhatsApp:<br \/>\n(47) 99905-3835 <\/strong><\/td>\n<\/tr>\n<\/tbody>\n<\/table>\n<\/td>\n<\/tr>\n<\/tbody>\n<\/table>\n<p style=\"text-align: center;\">ngg_shortcode_0_placeholder<\/p>\n<p><a title=\"Mensagem WhatsApp para Dona Belinha\" href=\"https:\/\/api.whatsapp.com\/send\/?phone=5547999053835&#038;text=Ola%2C+gratos+pela+visita.+Por+favor+informe+sua+necessidade.&#038;type=phone_number&#038;app_absent=0\">Mensagem WhatsApp para Dona Belinha<\/a><\/p>\n<h3>Mais de 35 anos atuando com muita dedica\u00e7\u00e3o e respeito aos seus amigos e h\u00f3spedes<\/h3>\n","protected":false},"excerpt":{"rendered":"<p>Endere\u00e7o: Pescada Branca, 130 (rua da Igreja) Detalhes das depend\u00eancias: Telefone: (47) 3369-2174 &nbsp; ou &nbsp; WhatsApp: (47) 99905-3835 Mensagem WhatsApp para Dona Belinha Mais de 35 anos atuando com muita dedica\u00e7\u00e3o e respeito aos seus amigos e h\u00f3spedes<\/p>\n","protected":false},"author":1,"featured_media":564,"parent":116,"menu_order":0,"comment_status":"closed","ping_status":"closed","template":"","meta":{"_mi_skip_tracking":false,"_exactmetrics_sitenote_active":false,"_exactmetrics_sitenote_note":"","_exactmetrics_sitenote_category":0,"ngg_post_thumbnail":0,"_joinchat":[],"footnotes":""},"class_list":["post-563","page","type-page","status-publish","has-post-thumbnail","hentry"],"_links":{"self":[{"href":"https:\/\/www.bombinhasaluguel.com.br\/site\/index.php?rest_route=\/wp\/v2\/pages\/563","targetHints":{"allow":["GET"]}}],"collection":[{"href":"https:\/\/www.bombinhasaluguel.com.br\/site\/index.php?rest_route=\/wp\/v2\/pages"}],"about":[{"href":"https:\/\/www.bombinhasaluguel.com.br\/site\/index.php?rest_route=\/wp\/v2\/types\/page"}],"author":[{"embeddable":true,"href":"https:\/\/www.bombinhasaluguel.com.br\/site\/index.php?rest_route=\/wp\/v2\/users\/1"}],"replies":[{"embeddable":true,"href":"https:\/\/www.bombinhasaluguel.com.br\/site\/index.php?rest_route=%2Fwp%2Fv2%2Fcomments&post=563"}],"version-history":[{"count":8,"href":"https:\/\/www.bombinhasaluguel.com.br\/site\/index.php?rest_route=\/wp\/v2\/pages\/563\/revisions"}],"predecessor-version":[{"id":679,"href":"https:\/\/www.bombinhasaluguel.com.br\/site\/index.php?rest_route=\/wp\/v2\/pages\/563\/revisions\/679"}],"up":[{"embeddable":true,"href":"https:\/\/www.bombinhasaluguel.com.br\/site\/index.php?rest_route=\/wp\/v2\/pages\/116"}],"wp:featuredmedia":[{"embeddable":true,"href":"https:\/\/www.bombinhasaluguel.com.br\/site\/index.php?rest_route=\/wp\/v2\/media\/564"}],"wp:attachment":[{"href":"https:\/\/www.bombinhasaluguel.com.br\/site\/index.php?rest_route=%2Fwp%2Fv2%2Fmedia&parent=563"}],"curies":[{"name":"wp","href":"https:\/\/api.w.org\/{rel}","templated":true}]}}