{"id":36,"date":"2012-11-20T17:16:45","date_gmt":"2012-11-20T20:16:45","guid":{"rendered":"http:\/\/www.bombinhasaluguel.com.br\/2012\/?page_id=36"},"modified":"2018-10-30T21:01:33","modified_gmt":"2018-10-31T00:01:33","slug":"apartamento1","status":"publish","type":"page","link":"http:\/\/www.bombinhasaluguel.com.br\/site\/?page_id=36","title":{"rendered":"Apartamento 1"},"content":{"rendered":"<table style=\"width: 524px;\" cellspacing=\"0\" cellpadding=\"0\">\n<tbody>\n<tr>\n<td><strong>Endere\u00e7o:<\/strong> Pescada Branca , 130 (rua da Igreja)<\/td>\n<\/tr>\n<tr>\n<td>Detalhes das depend\u00eancias:<br \/>\n\n\t\t<div class='et-custom-list etlist-check'>\n\t\t\t<ul>\n<li>At\u00e9 8 pessoas<\/li>\n<li>Churrasqueira individual<\/li>\n<li>180 metros da praia<\/li>\n<li>2 quartos de casal (com beliche)<\/li>\n<li>Quartos com ar-condicionado<\/li>\n<li>Internet wireless para notebook<\/li>\n<li>Forno microondas<\/li>\n<li>Camas BOX com colch\u00f5es de mola<\/li>\n<li>N\u00e3o aceitamos c\u00e3es e gatos, existem hospedagens na regi\u00e3o.<\/li>\n<\/ul>\n\t\t<\/div> <!-- .et-custom-list --><!--more--><\/p>\n<p><a title=\"Mensagem para Dona Belinha\" href=\"http:\/\/www.bombinhasaluguel.com.br\/site\/contato\/\">Contato com Dona Belinha<\/a><\/p>\n<table cellspacing=\"0\" cellpadding=\"0\">\n<tbody>\n<tr>\n<td><strong>Telefone:<\/strong><br \/>\n<strong> &nbsp;&nbsp;&nbsp;(47) 3369-2174<\/strong><\/td>\n<td>&nbsp;<\/td>\n<td>ou<\/td>\n<td>&nbsp;<\/td>\n<td><strong> &nbsp;&nbsp;&nbsp;Celular:<br \/>\n(47) 99905-3835 <\/strong><\/td>\n<\/tr>\n<\/tbody>\n<\/table>\n<\/td>\n<\/tr>\n<\/tbody>\n<\/table>\nngg_shortcode_0_placeholder\n<hr>\n<h3>Enviar Mensagem de Contato<\/h3>\n\n<div class=\"wpcf7 no-js\" id=\"wpcf7-f175-o1\" lang=\"en-US\" dir=\"ltr\">\n<div class=\"screen-reader-response\"><p role=\"status\" aria-live=\"polite\" aria-atomic=\"true\"><\/p> <ul><\/ul><\/div>\n<form action=\"\/site\/index.php?rest_route=%2Fwp%2Fv2%2Fpages%2F36#wpcf7-f175-o1\" method=\"post\" class=\"wpcf7-form init\" aria-label=\"Contact form\" novalidate=\"novalidate\" data-status=\"init\">\n<div style=\"display: none;\">\n<input type=\"hidden\" name=\"_wpcf7\" value=\"175\" \/>\n<input type=\"hidden\" name=\"_wpcf7_version\" value=\"5.8.1\" \/>\n<input type=\"hidden\" name=\"_wpcf7_locale\" value=\"en_US\" \/>\n<input type=\"hidden\" name=\"_wpcf7_unit_tag\" value=\"wpcf7-f175-o1\" \/>\n<input type=\"hidden\" name=\"_wpcf7_container_post\" value=\"0\" \/>\n<input type=\"hidden\" name=\"_wpcf7_posted_data_hash\" value=\"\" \/>\n<\/div>\n<p>Seu nome (obrigat\u00f3rio)&nbsp;<br \/>\n<span class=\"wpcf7-form-control-wrap\" data-name=\"your-name\"><input size=\"40\" class=\"wpcf7-form-control wpcf7-text wpcf7-validates-as-required\" aria-required=\"true\" aria-invalid=\"false\" value=\"\" type=\"text\" name=\"your-name\" \/><\/span>\n<\/p>\n<p>Seu e-mail (obrigat\u00f3rio)&nbsp;<br \/>\n<span class=\"wpcf7-form-control-wrap\" data-name=\"your-email\"><input size=\"40\" class=\"wpcf7-form-control wpcf7-email wpcf7-validates-as-required wpcf7-text wpcf7-validates-as-email\" aria-required=\"true\" aria-invalid=\"false\" value=\"\" type=\"email\" name=\"your-email\" \/><\/span>\n<\/p>\n<p>Seu Telefone&nbsp;<br \/>\n<span class=\"wpcf7-form-control-wrap\" data-name=\"your-fone\"><input size=\"40\" class=\"wpcf7-form-control wpcf7-text\" aria-invalid=\"false\" value=\"\" type=\"text\" name=\"your-fone\" \/><\/span>\n<\/p>\n<p>Sua Cidade&nbsp;<br \/>\n<span class=\"wpcf7-form-control-wrap\" data-name=\"your-city\"><input size=\"40\" class=\"wpcf7-form-control wpcf7-text\" aria-invalid=\"false\" value=\"\" type=\"text\" name=\"your-city\" \/><\/span>\n<\/p>\n<p>Assunto&nbsp;<br \/>\n<span class=\"wpcf7-form-control-wrap\" data-name=\"your-subject\"><input size=\"40\" class=\"wpcf7-form-control wpcf7-text\" aria-invalid=\"false\" value=\"\" type=\"text\" name=\"your-subject\" \/><\/span>\n<\/p>\n<p>Sua mensagem&nbsp;<br \/>\n<span class=\"wpcf7-form-control-wrap\" data-name=\"your-message\"><textarea cols=\"40\" rows=\"10\" class=\"wpcf7-form-control wpcf7-textarea\" aria-invalid=\"false\" name=\"your-message\"><\/textarea><\/span>\n<\/p>\n<p><input type=\"hidden\" name=\"_wpcf7_captcha_challenge_captcha-363\" value=\"2633787522\" \/><img loading=\"lazy\" decoding=\"async\" class=\"wpcf7-form-control wpcf7-captchac wpcf7-captcha-captcha-363\" width=\"72\" height=\"24\" alt=\"captcha\" src=\"http:\/\/www.bombinhasaluguel.com.br\/site\/wp-content\/uploads\/wpcf7_captcha\/2633787522.png\" \/><span class=\"wpcf7-form-control-wrap\" data-name=\"captcha-363\"><input size=\"40\" class=\"wpcf7-form-control wpcf7-captchar\" autocomplete=\"off\" aria-invalid=\"false\" value=\"\" type=\"text\" name=\"captcha-363\" \/><\/span>\n<\/p>\n<p><input class=\"wpcf7-form-control wpcf7-submit has-spinner\" type=\"submit\" value=\"Enviar\" \/>\n<\/p>\n<p>Obs: Por favor informe corretamente seu email para que possamos lhe atender prontamente, o telefone tamb\u00e9m \u00e9 importante para contato no caso de d\u00favidas ou outras informa\u00e7\u00f5es.\n<\/p><div class=\"wpcf7-response-output\" aria-hidden=\"true\"><\/div>\n<\/form>\n<\/div>\n\n<hr>\n","protected":false},"excerpt":{"rendered":"<p>Endere\u00e7o: Pescada Branca , 130 (rua da Igreja) Detalhes das depend\u00eancias:<\/p>\n","protected":false},"author":1,"featured_media":443,"parent":0,"menu_order":100,"comment_status":"closed","ping_status":"closed","template":"","meta":{"_mi_skip_tracking":false,"_exactmetrics_sitenote_active":false,"_exactmetrics_sitenote_note":"","_exactmetrics_sitenote_category":0,"ngg_post_thumbnail":0,"_joinchat":[],"footnotes":""},"class_list":["post-36","page","type-page","status-publish","has-post-thumbnail","hentry"],"_links":{"self":[{"href":"http:\/\/www.bombinhasaluguel.com.br\/site\/index.php?rest_route=\/wp\/v2\/pages\/36","targetHints":{"allow":["GET"]}}],"collection":[{"href":"http:\/\/www.bombinhasaluguel.com.br\/site\/index.php?rest_route=\/wp\/v2\/pages"}],"about":[{"href":"http:\/\/www.bombinhasaluguel.com.br\/site\/index.php?rest_route=\/wp\/v2\/types\/page"}],"author":[{"embeddable":true,"href":"http:\/\/www.bombinhasaluguel.com.br\/site\/index.php?rest_route=\/wp\/v2\/users\/1"}],"replies":[{"embeddable":true,"href":"http:\/\/www.bombinhasaluguel.com.br\/site\/index.php?rest_route=%2Fwp%2Fv2%2Fcomments&post=36"}],"version-history":[{"count":19,"href":"http:\/\/www.bombinhasaluguel.com.br\/site\/index.php?rest_route=\/wp\/v2\/pages\/36\/revisions"}],"predecessor-version":[{"id":438,"href":"http:\/\/www.bombinhasaluguel.com.br\/site\/index.php?rest_route=\/wp\/v2\/pages\/36\/revisions\/438"}],"wp:featuredmedia":[{"embeddable":true,"href":"http:\/\/www.bombinhasaluguel.com.br\/site\/index.php?rest_route=\/wp\/v2\/media\/443"}],"wp:attachment":[{"href":"http:\/\/www.bombinhasaluguel.com.br\/site\/index.php?rest_route=%2Fwp%2Fv2%2Fmedia&parent=36"}],"curies":[{"name":"wp","href":"https:\/\/api.w.org\/{rel}","templated":true}]}}