{"id":205,"date":"2012-11-27T00:22:30","date_gmt":"2012-11-27T03:22:30","guid":{"rendered":"http:\/\/www.bombinhasaluguel.com.br\/site\/?page_id=205"},"modified":"2018-10-30T16:47:21","modified_gmt":"2018-10-30T19:47:21","slug":"bombinhas-o-ano-todo","status":"publish","type":"page","link":"http:\/\/www.bombinhasaluguel.com.br\/site\/?page_id=205","title":{"rendered":"Bombinhas o ano todo"},"content":{"rendered":"<p style=\"text-align: justify;\">Bombinhas \u00e9 um pequeno munic\u00edpio localizado no estado de Santa Catarina, um dos melhores destinos tur\u00edsticos do pa\u00eds. Com uma \u00e1rea de apenas 33,767 Km\u00b2 e 14.293 habitantes (IBGE, 2010), a cidade \u00e9 uma pen\u00ednsula que avan\u00e7a para o Oceano Atl\u00e2ntico. Presenteada por exuberantes belezas naturais, \u00e9 motivo de orgulho dos moradores e de admira\u00e7\u00e3o dos turistas do pa\u00eds e do mundo inteiro. Bombinhas est\u00e1 localizada na Regi\u00e3o Tur\u00edstica Costa Verde &amp; Mar, juntamente com outros dez munic\u00edpios situados no litoral centro-norte de Santa Catarina.<\/p>\n<div align=\"center\"><iframe loading=\"lazy\" src=\"https:\/\/www.youtube.com\/embed\/NHoID0bWdb0\" width=\"560\" height=\"315\" frameborder=\"0\" allowfullscreen=\"allowfullscreen\"><\/iframe><\/div>\n<p style=\"text-align: justify;\">A cidade \u00e9 um para\u00edso ecol\u00f3gico, banhado por \u00e1guas cristalinas e de abundante riqueza natural. Bombinhas \u00e9 composta por trinta e nove praias com caracter\u00edsticas que variam desde ba\u00edas com \u00e1guas calmas, praias com mar agitado, e outras desertas, com acesso apenas por trilhas e cost\u00f5es, satisfazendo assim os mais diversos p\u00fablicos.<\/p>\n<p style=\"text-align: justify;\"><!--more-->Localizada a 70 Km da capital Florian\u00f3polis, tamb\u00e9m est\u00e1 pr\u00f3xima dos munic\u00edpios de Itaja\u00ed, Balne\u00e1rio Cambori\u00fa, Itapema e Porto Belo. Por ser uma pen\u00ednsula (a \u00fanica no sul do Brasil), a cidade possui uma grande diversidade de paisagens e op\u00e7\u00f5es de lazer em meio a natureza, como por exemplo caminhadas nas praias, <em>trekking<\/em>, surfe, mergulho, passeios de barco, de pedalinho, caiaque e bicicleta. Bombinhas tamb\u00e9m abriga tr\u00eas unidades de conserva\u00e7\u00e3o que s\u00e3o atrativos para a pr\u00e1tica de ecoturismo: o Parque Municipal da Galheta, o Parque Municipal do Morro do Macaco e a \u00c1rea de Relevante Interesse Ecol\u00f3gico da Costeira de Zimbros , onde podem ser realizadas caminhadas ecol\u00f3gicas guiadas sobre trilhas que foram constru\u00eddas por antigos moradores na mata.<\/p>\n<p style=\"text-align: justify;\">As principais atividades econ\u00f4micas de Bombinhas s\u00e3o o turismo, a pesca artesanal e a maricultura (cria\u00e7\u00e3o de mariscos e ostras), heran\u00e7a dos colonizadores dessa regi\u00e3o, que foram povos ind\u00edgenas, e mais tarde, a\u00e7orianos.<\/p>\n<p style=\"text-align: justify;\">Atualmente o turismo \u00e9 a base de sustenta\u00e7\u00e3o econ\u00f4mica da cidade. A atividade tem tanto destaque, que nos anos de 2006, 2007, 2009 e 2010, Bombinhas foi eleita como a quarta melhor praia do pa\u00eds pela revista Brasileira Viagem e Turismo; e como a terceira melhor em 2008. No ano de 2011, novamente ficou entre as cinco finalistas do pr\u00eamio de melhor praia. Reconhecida no \u00e2mbito nacional e internacional, a cidade disponibiliza uma ampla e variada estrutura de hospedagem e gastronomia, atendendo os mais variados perfis de p\u00fablicos.<\/p>\n<p style=\"text-align: justify;\">Na alta temporada de ver\u00e3o, ocorre a maior movimenta\u00e7\u00e3o na economia da cidade, mas \u00e9 na baixa temporada que a cidade fica mais aconchegante e tranquila, onde a cultura local \u00e9 um atrativo a parte. Este per\u00edodo \u00e9 ideal para conhecer os roteiros culturais e educativos que a cidade oferece, que agregam a pesca artesanal, ecoturismo, artes, oficinas l\u00edticas, visita\u00e7\u00e3o de museus, engenhos de farinha entre outros.<\/p>\n<p><strong>Bombinhas te espera o ano todo!<\/strong><\/p>\n<p style=\"text-align: justify;\">Fonte: <a title=\"Bombinhas te espera o ano todo!\" href=\"http:\/\/turismo.bombinhas.sc.gov.br\/a-cidade\/\" target=\"_blank\" rel=\"noopener\" class=\"broken_link\">turismo.bombinhas.sc.gov.br<\/a><\/p>\n","protected":false},"excerpt":{"rendered":"<p>Bombinhas \u00e9 um pequeno munic\u00edpio localizado no estado de Santa Catarina, um dos melhores destinos tur\u00edsticos do pa\u00eds. Com uma \u00e1rea de apenas 33,767 Km\u00b2 e 14.293 habitantes (IBGE, 2010), a cidade \u00e9 uma pen\u00ednsula que avan\u00e7a para o Oceano Atl\u00e2ntico. Presenteada por exuberantes belezas naturais, \u00e9 motivo de orgulho dos moradores e de admira\u00e7\u00e3o &hellip; <\/p>\n<p class=\"link-more\"><a href=\"http:\/\/www.bombinhasaluguel.com.br\/site\/?page_id=205\" class=\"more-link\">Continue lendo<span class=\"screen-reader-text\"> &#8220;Bombinhas o ano todo&#8221;<\/span><\/a><\/p>\n","protected":false},"author":1,"featured_media":431,"parent":0,"menu_order":0,"comment_status":"closed","ping_status":"open","template":"","meta":{"_mi_skip_tracking":false,"_exactmetrics_sitenote_active":false,"_exactmetrics_sitenote_note":"","_exactmetrics_sitenote_category":0,"ngg_post_thumbnail":0,"_joinchat":[],"footnotes":""},"class_list":["post-205","page","type-page","status-publish","has-post-thumbnail","hentry"],"_links":{"self":[{"href":"http:\/\/www.bombinhasaluguel.com.br\/site\/index.php?rest_route=\/wp\/v2\/pages\/205","targetHints":{"allow":["GET"]}}],"collection":[{"href":"http:\/\/www.bombinhasaluguel.com.br\/site\/index.php?rest_route=\/wp\/v2\/pages"}],"about":[{"href":"http:\/\/www.bombinhasaluguel.com.br\/site\/index.php?rest_route=\/wp\/v2\/types\/page"}],"author":[{"embeddable":true,"href":"http:\/\/www.bombinhasaluguel.com.br\/site\/index.php?rest_route=\/wp\/v2\/users\/1"}],"replies":[{"embeddable":true,"href":"http:\/\/www.bombinhasaluguel.com.br\/site\/index.php?rest_route=%2Fwp%2Fv2%2Fcomments&post=205"}],"version-history":[{"count":8,"href":"http:\/\/www.bombinhasaluguel.com.br\/site\/index.php?rest_route=\/wp\/v2\/pages\/205\/revisions"}],"predecessor-version":[{"id":371,"href":"http:\/\/www.bombinhasaluguel.com.br\/site\/index.php?rest_route=\/wp\/v2\/pages\/205\/revisions\/371"}],"wp:featuredmedia":[{"embeddable":true,"href":"http:\/\/www.bombinhasaluguel.com.br\/site\/index.php?rest_route=\/wp\/v2\/media\/431"}],"wp:attachment":[{"href":"http:\/\/www.bombinhasaluguel.com.br\/site\/index.php?rest_route=%2Fwp%2Fv2%2Fmedia&parent=205"}],"curies":[{"name":"wp","href":"https:\/\/api.w.org\/{rel}","templated":true}]}}