{"id":164,"date":"2012-11-21T21:52:19","date_gmt":"2012-11-22T00:52:19","guid":{"rendered":"http:\/\/www.bombinhasaluguel.com.br\/site\/?page_id=164"},"modified":"2025-01-21T14:00:07","modified_gmt":"2025-01-21T17:00:07","slug":"apartamento-5-6","status":"publish","type":"page","link":"http:\/\/www.bombinhasaluguel.com.br\/site\/?page_id=164","title":{"rendered":"Apartamento 5 &#038; 6"},"content":{"rendered":"<table cellspacing=\"0\" cellpadding=\"0\">\n<tbody>\n<tr>\n<td><strong>Endere\u00e7o:<\/strong> Pescada Branca, 130 (rua da Igreja)<\/td>\n<\/tr>\n<tr>\n<td>Detalhes das depend\u00eancias:\n\t\t<div class='et-custom-list etlist-check'>\n\t\t\t<ul>\n<li>180 metros da praia<\/li>\n<li>2 quartos de casal<\/li>\n<li>Wi-fi<\/li>\n<li>Forno microondas<\/li>\n<li>N\u00e3o possuem churrasqueira nem sacadas<\/li>\n<li>H\u00e1 1 ar-condicionado para climatizar todo o ambiente<\/li>\n<li>Para chegar nesses apartamentos s\u00e3o 3 lances de escadas e o \u00faltimo \u00e9 irregular\u00a0(mais\u00a0\u00edngreme)<\/li>\n<li>Aceitamos pets de pequeno porte. \u00c9 de responsabilidade do propriet\u00e1rio do animal qualquer dano feito\u00a0no\u00a0im\u00f3vel.\n\t\t<\/div> <!-- .et-custom-list --><\/li>\n<\/ul>\n<table cellspacing=\"0\" cellpadding=\"0\">\n<tbody>\n<tr>\n<td><strong>Telefone:<\/strong><br \/>\n<strong> (47) 3369-2174<\/strong><\/td>\n<td>&nbsp;<\/td>\n<td>ou<\/td>\n<td>&nbsp;<\/td>\n<td><strong> Celular:<br \/>\n(47) 99905-3835 <\/strong><\/td>\n<\/tr>\n<\/tbody>\n<\/table>\n<\/td>\n<\/tr>\n<\/tbody>\n<\/table>\n<p style=\"text-align: center;\">ngg_shortcode_0_placeholder<\/p>\n<hr>\n<p><a title=\"Mensagem WhatsApp para Dona Belinha\" href=\"https:\/\/api.whatsapp.com\/send\/?phone=5547999053835&#038;text=Ola%2C+gratos+pela+visita.+Por+favor+informe+sua+necessidade.&#038;type=phone_number&#038;app_absent=0\">Mensagem WhatsApp para Dona Belinha<\/a><\/p>\n<hr>\n<h3>Mais de 35 anos atuando com muita dedica\u00e7\u00e3o e respeito aos seus amigos e h\u00f3spedes<\/h3>\n<hr>\n","protected":false},"excerpt":{"rendered":"<p>Endere\u00e7o: Pescada Branca, 130 (rua da Igreja) Detalhes das depend\u00eancias: Telefone: (47) 3369-2174 &nbsp; ou &nbsp; Celular: (47) 99905-3835 Mensagem WhatsApp para Dona Belinha Mais de 35 anos atuando com muita dedica\u00e7\u00e3o e respeito aos seus amigos e h\u00f3spedes<\/p>\n","protected":false},"author":1,"featured_media":443,"parent":0,"menu_order":115,"comment_status":"closed","ping_status":"closed","template":"","meta":{"_mi_skip_tracking":false,"_exactmetrics_sitenote_active":false,"_exactmetrics_sitenote_note":"","_exactmetrics_sitenote_category":0,"ngg_post_thumbnail":0,"_joinchat":[],"footnotes":""},"class_list":["post-164","page","type-page","status-publish","has-post-thumbnail","hentry"],"_links":{"self":[{"href":"http:\/\/www.bombinhasaluguel.com.br\/site\/index.php?rest_route=\/wp\/v2\/pages\/164","targetHints":{"allow":["GET"]}}],"collection":[{"href":"http:\/\/www.bombinhasaluguel.com.br\/site\/index.php?rest_route=\/wp\/v2\/pages"}],"about":[{"href":"http:\/\/www.bombinhasaluguel.com.br\/site\/index.php?rest_route=\/wp\/v2\/types\/page"}],"author":[{"embeddable":true,"href":"http:\/\/www.bombinhasaluguel.com.br\/site\/index.php?rest_route=\/wp\/v2\/users\/1"}],"replies":[{"embeddable":true,"href":"http:\/\/www.bombinhasaluguel.com.br\/site\/index.php?rest_route=%2Fwp%2Fv2%2Fcomments&post=164"}],"version-history":[{"count":9,"href":"http:\/\/www.bombinhasaluguel.com.br\/site\/index.php?rest_route=\/wp\/v2\/pages\/164\/revisions"}],"predecessor-version":[{"id":680,"href":"http:\/\/www.bombinhasaluguel.com.br\/site\/index.php?rest_route=\/wp\/v2\/pages\/164\/revisions\/680"}],"wp:featuredmedia":[{"embeddable":true,"href":"http:\/\/www.bombinhasaluguel.com.br\/site\/index.php?rest_route=\/wp\/v2\/media\/443"}],"wp:attachment":[{"href":"http:\/\/www.bombinhasaluguel.com.br\/site\/index.php?rest_route=%2Fwp%2Fv2%2Fmedia&parent=164"}],"curies":[{"name":"wp","href":"https:\/\/api.w.org\/{rel}","templated":true}]}}