{"id":141,"date":"2012-11-21T13:34:59","date_gmt":"2012-11-21T16:34:59","guid":{"rendered":"http:\/\/www.bombinhasaluguel.com.br\/site\/?page_id=141"},"modified":"2026-01-18T17:24:49","modified_gmt":"2026-01-18T20:24:49","slug":"residencial-heiden","status":"publish","type":"page","link":"http:\/\/www.bombinhasaluguel.com.br\/site\/","title":{"rendered":"Residencial Heiden"},"content":{"rendered":"<p>Mais de 35 anos atuando com muita dedica\u00e7\u00e3o e respeito aos seus amigos e h\u00f3spedes.<\/p>\n<p>Apartamentos para temporada&nbsp;de&nbsp;ver\u00e3o em Bombinhas.<\/p>\n<p>Ambiente familiar e pr\u00f3ximo do centro de Bombinhas com supermercado e farm\u00e1cia pr\u00f3ximos e de f\u00e1cil acesso.<\/p>\n<blockquote>\n<ul>\n<li>\u2666 <a href=\"http:\/\/www.bombinhasaluguel.com.br\/site\/?page_id=560\">APARTAMENTO GRANDE<\/a><\/li>\n<li>\u2666 <a href=\"http:\/\/www.bombinhasaluguel.com.br\/site\/?page_id=563\">APARTAMENTO PEQUENO<\/a><\/li>\n<li>\u2666 <a href=\"http:\/\/www.bombinhasaluguel.com.br\/site\/?page_id=566\">SU\u00cdTE T\u00c9RREO<\/a><\/li>\n<\/ul>\nngg_shortcode_0_placeholder<\/blockquote>\n","protected":false},"excerpt":{"rendered":"<p>Mais de 35 anos atuando com muita dedica\u00e7\u00e3o e respeito aos seus amigos e h\u00f3spedes. Apartamentos para temporada&nbsp;de&nbsp;ver\u00e3o em Bombinhas. Ambiente familiar e pr\u00f3ximo do centro de Bombinhas com supermercado e farm\u00e1cia pr\u00f3ximos e de f\u00e1cil acesso. \u2666 APARTAMENTO GRANDE \u2666 APARTAMENTO PEQUENO \u2666 SU\u00cdTE T\u00c9RREO<\/p>\n","protected":false},"author":1,"featured_media":433,"parent":0,"menu_order":0,"comment_status":"closed","ping_status":"open","template":"","meta":{"_mi_skip_tracking":false,"_exactmetrics_sitenote_active":false,"_exactmetrics_sitenote_note":"","_exactmetrics_sitenote_category":0,"ngg_post_thumbnail":0,"_joinchat":[],"footnotes":""},"class_list":["post-141","page","type-page","status-publish","has-post-thumbnail","hentry"],"_links":{"self":[{"href":"http:\/\/www.bombinhasaluguel.com.br\/site\/index.php?rest_route=\/wp\/v2\/pages\/141","targetHints":{"allow":["GET"]}}],"collection":[{"href":"http:\/\/www.bombinhasaluguel.com.br\/site\/index.php?rest_route=\/wp\/v2\/pages"}],"about":[{"href":"http:\/\/www.bombinhasaluguel.com.br\/site\/index.php?rest_route=\/wp\/v2\/types\/page"}],"author":[{"embeddable":true,"href":"http:\/\/www.bombinhasaluguel.com.br\/site\/index.php?rest_route=\/wp\/v2\/users\/1"}],"replies":[{"embeddable":true,"href":"http:\/\/www.bombinhasaluguel.com.br\/site\/index.php?rest_route=%2Fwp%2Fv2%2Fcomments&post=141"}],"version-history":[{"count":36,"href":"http:\/\/www.bombinhasaluguel.com.br\/site\/index.php?rest_route=\/wp\/v2\/pages\/141\/revisions"}],"predecessor-version":[{"id":703,"href":"http:\/\/www.bombinhasaluguel.com.br\/site\/index.php?rest_route=\/wp\/v2\/pages\/141\/revisions\/703"}],"wp:featuredmedia":[{"embeddable":true,"href":"http:\/\/www.bombinhasaluguel.com.br\/site\/index.php?rest_route=\/wp\/v2\/media\/433"}],"wp:attachment":[{"href":"http:\/\/www.bombinhasaluguel.com.br\/site\/index.php?rest_route=%2Fwp%2Fv2%2Fmedia&parent=141"}],"curies":[{"name":"wp","href":"https:\/\/api.w.org\/{rel}","templated":true}]}}